{"id":22,"date":"2020-03-12T13:21:01","date_gmt":"2020-03-12T13:21:01","guid":{"rendered":"http:\/\/andrearentschler.de\/?page_id=22"},"modified":"2025-05-12T13:05:58","modified_gmt":"2025-05-12T13:05:58","slug":"ueber-mich","status":"publish","type":"page","link":"https:\/\/andrearentschler.de\/?page_id=22","title":{"rendered":"\u00dcber mich"},"content":{"rendered":"\n<p>Geboren und aufgewachsen in Baden-W\u00fcrttemberg, zuhause in Berlin.<\/p>\n\n\n\n<p>Studium der Linguistik, der Neueren deutschen Literaturwissenschaft, der Niederl\u00e4ndischen Philologie und der Empirischen Kulturwissenschaft in T\u00fcbingen und Berlin mit dem Abschluss Magistra Artium (M. A.).<\/p>\n\n\n\n<p>Lange Jahre Mitarbeiterin im Informationsdienst einer internationalen NGO. Weiterbildung zur Online-Redakteurin, zertifizierte SEO- und Online-Marketing-Managerin.<\/p>\n\n\n\n<p>Seit 2020 freiberufliche Texterin und Lektorin f\u00fcr Unternehmen, Stiftungen, Verb\u00e4nde und gemeinn\u00fctzige Organisationen.<\/p>\n\n\n\n<figure class=\"wp-block-image size-large\"><img loading=\"lazy\" decoding=\"async\" width=\"268\" height=\"378\" src=\"https:\/\/andrearentschler.de\/wp-content\/uploads\/2020\/05\/andrea_rentschler.jpg\" alt=\"\" class=\"wp-image-205\" srcset=\"https:\/\/andrearentschler.de\/wp-content\/uploads\/2020\/05\/andrea_rentschler.jpg 268w, https:\/\/andrearentschler.de\/wp-content\/uploads\/2020\/05\/andrea_rentschler-213x300.jpg 213w\" sizes=\"auto, (max-width: 268px) 100vw, 268px\" \/><\/figure>\n","protected":false},"excerpt":{"rendered":"<p>Geboren und aufgewachsen in Baden-W\u00fcrttemberg, zuhause in Berlin. Studium der Linguistik, der Neueren deutschen Literaturwissenschaft, der Niederl\u00e4ndischen Philologie und der Empirischen Kulturwissenschaft in T\u00fcbingen und Berlin mit dem Abschluss Magistra Artium (M. A.). Lange Jahre Mitarbeiterin im Informationsdienst einer internationalen NGO. Weiterbildung zur Online-Redakteurin, zertifizierte SEO- und Online-Marketing-Managerin. Seit 2020 freiberufliche Texterin und Lektorin f\u00fcr &hellip; <\/p>\n<p class=\"link-more\"><a href=\"https:\/\/andrearentschler.de\/?page_id=22\" class=\"more-link\"><span class=\"screen-reader-text\">\u201e\u00dcber mich\u201c <\/span>weiterlesen<\/a><\/p>\n","protected":false},"author":1,"featured_media":0,"parent":0,"menu_order":0,"comment_status":"closed","ping_status":"closed","template":"","meta":{"footnotes":""},"class_list":["post-22","page","type-page","status-publish","hentry"],"_links":{"self":[{"href":"https:\/\/andrearentschler.de\/index.php?rest_route=\/wp\/v2\/pages\/22","targetHints":{"allow":["GET"]}}],"collection":[{"href":"https:\/\/andrearentschler.de\/index.php?rest_route=\/wp\/v2\/pages"}],"about":[{"href":"https:\/\/andrearentschler.de\/index.php?rest_route=\/wp\/v2\/types\/page"}],"author":[{"embeddable":true,"href":"https:\/\/andrearentschler.de\/index.php?rest_route=\/wp\/v2\/users\/1"}],"replies":[{"embeddable":true,"href":"https:\/\/andrearentschler.de\/index.php?rest_route=%2Fwp%2Fv2%2Fcomments&post=22"}],"version-history":[{"count":16,"href":"https:\/\/andrearentschler.de\/index.php?rest_route=\/wp\/v2\/pages\/22\/revisions"}],"predecessor-version":[{"id":220,"href":"https:\/\/andrearentschler.de\/index.php?rest_route=\/wp\/v2\/pages\/22\/revisions\/220"}],"wp:attachment":[{"href":"https:\/\/andrearentschler.de\/index.php?rest_route=%2Fwp%2Fv2%2Fmedia&parent=22"}],"curies":[{"name":"wp","href":"https:\/\/api.w.org\/{rel}","templated":true}]}}