{"id":45,"date":"2020-03-12T16:53:40","date_gmt":"2020-03-12T16:53:40","guid":{"rendered":"http:\/\/andrearentschler.de\/?page_id=45"},"modified":"2025-05-12T13:13:07","modified_gmt":"2025-05-12T13:13:07","slug":"startseite","status":"publish","type":"page","link":"https:\/\/andrearentschler.de\/","title":{"rendered":"Herzlich willkommen"},"content":{"rendered":"\n<p>Sie gestalten Ihre Website und tun sich mit den Texten schwer? Sie haben einen Unternehmensblog und ben\u00f6tigen Content? Sie planen eine Brosch\u00fcre oder brauchen Artikel f\u00fcr Ihre Online- oder Print-Publikation?<\/p>\n\n\n\n<p>Als Texterin fasse ich das in Worte, was Sie ausdr\u00fccken m\u00f6chten. Klar und strukturiert, auch witzig, wenn Sie m\u00f6chten, aber immer ohne Floskeln und hohle Phrasen.<\/p>\n\n\n\n<p>Sollten Sie Ihre Texte schon fertig haben, pr\u00fcfe ich als Lektorin den Inhalt auf Plausibilit\u00e4t, feile an der Tonalit\u00e4t, strukturiere Ihre Texte und mache sie verst\u00e4ndlicher.<\/p>\n\n\n\n<p>Rufen Sie mich an oder schreiben Sie mir eine Nachricht. Ich schaue mir Ihr Vorhaben sorgf\u00e4ltig an und mache Ihnen ein unverbindliches Angebot. <\/p>\n\n\n\n<p><\/p>\n","protected":false},"excerpt":{"rendered":"<p>Sie gestalten Ihre Website und tun sich mit den Texten schwer? Sie haben einen Unternehmensblog und ben\u00f6tigen Content? Sie planen eine Brosch\u00fcre oder brauchen Artikel f\u00fcr Ihre Online- oder Print-Publikation? Als Texterin fasse ich das in Worte, was Sie ausdr\u00fccken m\u00f6chten. Klar und strukturiert, auch witzig, wenn Sie m\u00f6chten, aber immer ohne Floskeln und hohle &hellip; <\/p>\n<p class=\"link-more\"><a href=\"https:\/\/andrearentschler.de\/\" class=\"more-link\"><span class=\"screen-reader-text\">\u201eHerzlich willkommen\u201c <\/span>weiterlesen<\/a><\/p>\n","protected":false},"author":1,"featured_media":0,"parent":0,"menu_order":0,"comment_status":"closed","ping_status":"closed","template":"","meta":{"footnotes":""},"class_list":["post-45","page","type-page","status-publish","hentry"],"_links":{"self":[{"href":"https:\/\/andrearentschler.de\/index.php?rest_route=\/wp\/v2\/pages\/45","targetHints":{"allow":["GET"]}}],"collection":[{"href":"https:\/\/andrearentschler.de\/index.php?rest_route=\/wp\/v2\/pages"}],"about":[{"href":"https:\/\/andrearentschler.de\/index.php?rest_route=\/wp\/v2\/types\/page"}],"author":[{"embeddable":true,"href":"https:\/\/andrearentschler.de\/index.php?rest_route=\/wp\/v2\/users\/1"}],"replies":[{"embeddable":true,"href":"https:\/\/andrearentschler.de\/index.php?rest_route=%2Fwp%2Fv2%2Fcomments&post=45"}],"version-history":[{"count":11,"href":"https:\/\/andrearentschler.de\/index.php?rest_route=\/wp\/v2\/pages\/45\/revisions"}],"predecessor-version":[{"id":223,"href":"https:\/\/andrearentschler.de\/index.php?rest_route=\/wp\/v2\/pages\/45\/revisions\/223"}],"wp:attachment":[{"href":"https:\/\/andrearentschler.de\/index.php?rest_route=%2Fwp%2Fv2%2Fmedia&parent=45"}],"curies":[{"name":"wp","href":"https:\/\/api.w.org\/{rel}","templated":true}]}}